{"id":53,"date":"2017-06-12T03:57:07","date_gmt":"2017-06-12T03:57:07","guid":{"rendered":"http:\/\/demo2.steelthemes.com\/gardenhub\/?page_id=53"},"modified":"2025-05-14T20:33:07","modified_gmt":"2025-05-14T18:33:07","slug":"home-page-1","status":"publish","type":"page","link":"https:\/\/der-schulze.info\/","title":{"rendered":"Der Schulze"},"content":{"rendered":"<div class=\"wpb-content-wrapper\"><p>[vc_row full_width=&#8220;stretch_row_content_no_spaces&#8220;][vc_column][rev_slider_vc alias=&#8220;slider_1&#8243;][\/vc_column][\/vc_row][vc_row css=&#8220;.vc_custom_1495533014348{padding-top: 65px !important;padding-bottom: 25px !important;}&#8220;][vc_column]<div class=\"fh-section-title clearfix  text-center style-1 version-dark has-icon\"><div class=\"container\"><h2>Der <span class=\"main-color\">Schulze<\/span><\/h2><span class=\"fh-icon\"><i class=\"flaticon-nature-3\"><\/i><\/span><\/div><\/div>[vc_column_text css=&#8220;.vc_custom_1745483284828{padding-top: 25px !important;padding-bottom: 45px !important;}&#8220;]<\/p>\n<div style=\"width: 75%; margin: 0 auto; font-size: 18px; color: #9e9e9e; font-weight: 300; text-align: center;\">Als zuverl\u00e4ssiger Dienstleister rund um Reinigung und Pflege sind wir Ihr Partner f\u00fcr gepflegte Immobilien und Au\u00dfenanlagen. Ob regelm\u00e4\u00dfige Unterhaltsreinigung oder saisonale Gartenarbeiten \u2013 wir arbeiten sauber, termingerecht und mit einem hohen Qualit\u00e4tsanspruch.<\/div>\n<p>[\/vc_column_text][vc_row_inner][vc_column_inner offset=&#8220;vc_col-lg-4 vc_col-md-6&#8243;]<div class=\"fh-icon-box clearfix  style-1\"><h4><a href=\"#\" title=\"\" target=\"_blank\">Verl\u00e4sslichkeit z\u00e4hlt<\/a><\/h4><a class=\"fh-icon\"><i class=\"fa fa-pagelines\"><\/i><\/a><div class=\"desc\"><p>Wir f\u00fchren jeden Auftrag mit h\u00f6chstem Anspruch an Integrit\u00e4t und Qualit\u00e4t aus \u2013 weil Ihr Vertrauen unser wichtigstes Gut ist.<\/p>\n<\/div><\/div>[\/vc_column_inner][vc_column_inner offset=&#8220;vc_col-lg-4 vc_col-md-6&#8243;]<div class=\"fh-icon-box clearfix  style-1\"><h4><a href=\"#\" title=\"\" target=\"_blank\">Experten auf jedem Gebiet<\/a><\/h4><a class=\"fh-icon\"><i class=\"fa fa-user-secret\"><\/i><\/a><div class=\"desc\"><p>Von der professionellen Reinigung bis zur Pflege Ihrer Au\u00dfenanlagen \u2013 wir liefern Qualit\u00e4t, auf die Sie sich verlassen k\u00f6nnen.<\/p>\n<\/div><\/div>[\/vc_column_inner][vc_column_inner offset=&#8220;vc_col-lg-4 vc_col-md-6&#8243;]<div class=\"fh-icon-box clearfix  style-1\"><h4><a href=\"#\" title=\"\" target=\"_blank\">Technik, die den Unterschied macht<\/a><\/h4><a class=\"fh-icon\"><i class=\"fa fa-certificate\"><\/i><\/a><div class=\"desc\"><p class=\"\" data-start=\"425\" data-end=\"540\">Dank professioneller Ausr\u00fcstung erzielen wir Ergebnisse, die \u00fcberzeugen.<\/p>\n<\/div><\/div>[\/vc_column_inner][\/vc_row_inner][vc_row_inner][vc_column_inner]<div class=\"fh-service  style-1\">\n                <div class=\"service-list row\"><div class=\"item-service  col-xs-12 col-sm-6 col-md-4\">\n\t\t\t\t\t<div class=\"service-content\">\n\t\t\t\t\t\t<div class=\"entry-thumbnail\">\n\t\t\t\t\t\t\t<a href=\"https:\/\/der-schulze.info\/?service=gruenanlagen\"><\/a>\n\t\t\t\t\t\t\t<img loading=\"lazy\" decoding=\"async\" width=\"370\" height=\"210\" src=\"https:\/\/der-schulze.info\/wp-content\/uploads\/2025\/05\/gruenanlagen_1-370x210.jpg\" class=\"attachment-gardenhub-blog-grid-3-thumb size-gardenhub-blog-grid-3-thumb wp-post-image\" alt=\"\" \/>\n\t\t\t\t\t\t<\/div>\n\t\t\t\t\t\t<div class=\"summary\">\n\t\t\t\t\t\t\t<h2 class=\"entry-title\"><a href=\"https:\/\/der-schulze.info\/?service=gruenanlagen\">Au\u00dfenanlagen<\/a><\/h2>\n\t\t\t\t\t\t\t<p>Professionelle Gr\u00fcn- und Graulandpflege<\/p>\n\t\t\t\t\t\t\t<a href=\"https:\/\/der-schulze.info\/?service=gruenanlagen\" class=\"fh-btn-3\">Read More<\/a>\n\t\t\t\t\t\t<\/div>\n\t\t\t\t\t<\/div>\n\t\t\t\t<\/div><div class=\"item-service  col-xs-12 col-sm-6 col-md-4\">\n\t\t\t\t\t<div class=\"service-content\">\n\t\t\t\t\t\t<div class=\"entry-thumbnail\">\n\t\t\t\t\t\t\t<a href=\"https:\/\/der-schulze.info\/?service=reinigung\"><\/a>\n\t\t\t\t\t\t\t<img loading=\"lazy\" decoding=\"async\" width=\"370\" height=\"210\" src=\"https:\/\/der-schulze.info\/wp-content\/uploads\/2017\/06\/service_reinigung.jpg\" class=\"attachment-gardenhub-blog-grid-3-thumb size-gardenhub-blog-grid-3-thumb wp-post-image\" alt=\"\" srcset=\"https:\/\/der-schulze.info\/wp-content\/uploads\/2017\/06\/service_reinigung.jpg 370w, https:\/\/der-schulze.info\/wp-content\/uploads\/2017\/06\/service_reinigung-300x170.jpg 300w\" sizes=\"auto, (max-width: 370px) 100vw, 370px\" \/>\n\t\t\t\t\t\t<\/div>\n\t\t\t\t\t\t<div class=\"summary\">\n\t\t\t\t\t\t\t<h2 class=\"entry-title\"><a href=\"https:\/\/der-schulze.info\/?service=reinigung\">Reinigung<\/a><\/h2>\n\t\t\t\t\t\t\t<p>Professionelle und effiziente Innenreinigung<\/p>\n\t\t\t\t\t\t\t<a href=\"https:\/\/der-schulze.info\/?service=reinigung\" class=\"fh-btn-3\">Read More<\/a>\n\t\t\t\t\t\t<\/div>\n\t\t\t\t\t<\/div>\n\t\t\t\t<\/div><div class=\"item-service  col-xs-12 col-sm-6 col-md-4\">\n\t\t\t\t\t<div class=\"service-content\">\n\t\t\t\t\t\t<div class=\"entry-thumbnail\">\n\t\t\t\t\t\t\t<a href=\"https:\/\/der-schulze.info\/?service=winterdienst\"><\/a>\n\t\t\t\t\t\t\t<img loading=\"lazy\" decoding=\"async\" width=\"370\" height=\"210\" src=\"https:\/\/der-schulze.info\/wp-content\/uploads\/2025\/05\/winterdienst1_single-370x210.jpg\" class=\"attachment-gardenhub-blog-grid-3-thumb size-gardenhub-blog-grid-3-thumb wp-post-image\" alt=\"\" \/>\n\t\t\t\t\t\t<\/div>\n\t\t\t\t\t\t<div class=\"summary\">\n\t\t\t\t\t\t\t<h2 class=\"entry-title\"><a href=\"https:\/\/der-schulze.info\/?service=winterdienst\">Winterdienst<\/a><\/h2>\n\t\t\t\t\t\t\t<p>Sichere Fl\u00e4chen im Winter \u2013 mit System und Erfahrung.<\/p>\n\t\t\t\t\t\t\t<a href=\"https:\/\/der-schulze.info\/?service=winterdienst\" class=\"fh-btn-3\">Read More<\/a>\n\t\t\t\t\t\t<\/div>\n\t\t\t\t\t<\/div>\n\t\t\t\t<\/div><\/div>\n            <\/div>[\/vc_column_inner][\/vc_row_inner][vc_row_inner][vc_column_inner][\/vc_column_inner][\/vc_row_inner][\/vc_column][\/vc_row][vc_row enable_parallax=&#8220;yes&#8220; css=&#8220;.vc_custom_1580804708788{padding-top: 65px !important;padding-bottom: 45px !important;background-image: url(http:\/\/demo2.steelthemes.com\/gardenhub\/wp-content\/uploads\/sites\/6\/2020\/02\/home1-bg.jpg?id=539) !important;}&#8220;][vc_column][\/vc_column][\/vc_row][vc_row css=&#8220;.vc_custom_1497930936972{margin-top: 75px !important;margin-bottom: 50px !important;}&#8220;][vc_column]<div class=\"fh-section-title clearfix  text-center style-1 version-dark\"><div class=\"container\"><h2>\u00dcber <span class=\"main-color\">Uns<\/span><\/h2><\/div><\/div>[vc_row_inner][vc_column_inner width=&#8220;1\/2&#8243;][vc_single_image image=&#8220;734&#8243; img_size=&#8220;300&#215;169&#8243; alignment=&#8220;center&#8220; css=&#8220;&#8220;][\/vc_column_inner][vc_column_inner width=&#8220;1\/2&#8243;][vc_single_image image=&#8220;733&#8243; img_size=&#8220;300&#215;169&#8243; alignment=&#8220;center&#8220; css=&#8220;&#8220;][\/vc_column_inner][\/vc_row_inner][vc_row_inner][vc_column_inner width=&#8220;1\/6&#8243;][\/vc_column_inner][vc_column_inner width=&#8220;2\/3&#8243;][vc_column_text css=&#8220;.vc_custom_1747247579079{padding-top: 25px !important;}&#8220;]<\/p>\n<p style=\"text-align: center;\">Dank unserer <strong data-start=\"196\" data-end=\"221\">16-j\u00e4hrigen Erfahrung<\/strong>, unserem <strong data-start=\"231\" data-end=\"275\">eingespielten Team aus 40 Mitarbeitenden<\/strong> und unserer professionellen Ausstattung sind wir in der Lage, auch gro\u00dfe Objekte und weitl\u00e4ufige Fl\u00e4chen zuverl\u00e4ssig und effizient zu betreuen.<br data-start=\"419\" data-end=\"422\" \/>Ob Wohnanlagen, \u00f6ffentliche Einrichtungen oder Gewerbefl\u00e4chen \u2013 wir \u00fcbernehmen Verantwortung und liefern Ergebnisse, auf die Sie bauen k\u00f6nnen. <strong data-start=\"565\" data-end=\"643\">Dabei k\u00f6nnen wir jede Art von Auftrag annehmen und professionell umsetzen.<\/strong><\/p>\n<p>[\/vc_column_text][vc_column_text css=&#8220;.vc_custom_1746346363842{margin-top: 30px !important;margin-bottom: 15px !important;}&#8220;]<\/p>\n<div class=\"main-color\" style=\"font-size: 18px; font-weight: 500; line-height: 1.6; font-family: Poppins, sans-serif; text-align: center;\">Wir blicken auf viele Jahre erfolgreicher Zusammenarbeit mit Wohnungsgesellschaften und Kommunen zur\u00fcck<\/div>\n<p>[\/vc_column_text][\/vc_column_inner][vc_column_inner width=&#8220;1\/6&#8243;][\/vc_column_inner][\/vc_row_inner][\/vc_column][\/vc_row][vc_row enable_parallax=&#8220;yes&#8220; css=&#8220;.vc_custom_1580804831587{padding-top: 80px !important;padding-bottom: 80px !important;background-image: url(http:\/\/demo2.steelthemes.com\/gardenhub\/wp-content\/uploads\/sites\/6\/2020\/02\/home1-bg-2.jpg?id=544) !important;}&#8220;][vc_column]<div class=\"fh-testimonials-carousel  style-1\" id=\"testimonial-slider-69d0a0dd50942\">\n\t\t\t<h3 class=\"feedback-title\"><span class=\"fh-icon icon-1\"><i class=\"flaticon-left-quote-sketch\"><\/i><\/span>Kundenmeinungen<\/h3>\n\t\t\t<div class=\"testi-list owl-carousel\" >\n\t\t\t<div class=\"testi-item\">\n\t\t\t\t<div class=\"testi-content\">\n                    <div class=\"testi-des\"><span class=\"fh-icon icon-1\"><i class=\"flaticon-left-quote-sketch\"><\/i><\/span><h2 class=\"testi-feedback\">Gesch\u00e4ftsf\u00fchrerin, B\u00fcrokomplex<\/h2>Die Reinigung unserer Hausflure ist immer einwandfrei. Die Gemeinschaftsbereiche sind regelm\u00e4\u00dfig gepflegt und sauber, was zu einem angenehmen Umfeld f\u00fcr alle Bewohner beitr\u00e4gt. Ein professioneller Service, auf den wir uns verlassen k\u00f6nnen!<\/div>\n                    <div class=\"info clearfix\">\n                        <img decoding=\"async\" src=\"https:\/\/der-schulze.info\/wp-content\/uploads\/2017\/06\/testi1.jpg\" alt=\"Anna S.\"\/>\n\t\t\t\t\t\t\n\t\t\t\t\t\t<h4 class=\"testi-name\">Anna S.<\/h4>\n\t\t\t\t\t\t<span class=\"testi-job\">Quedlinburg<\/span>\n\t\t\t\t\t\t<div class=\"testi-star\"><i class=\"fa fa-star fa-md\"><\/i><i class=\"fa fa-star fa-md\"><\/i><i class=\"fa fa-star fa-md\"><\/i><i class=\"fa fa-star fa-md\"><\/i><i class=\"fa fa-star fa-md\"><\/i><\/div>\n\t\t\t\t\t<\/div>\n\t\t\t\t<\/div>\n            <\/div>\n\t\t\t<div class=\"testi-item\">\n\t\t\t\t<div class=\"testi-content\">\n                    <div class=\"testi-des\"><span class=\"fh-icon icon-1\"><i class=\"flaticon-left-quote-sketch\"><\/i><\/span><h2 class=\"testi-feedback\">Hausverwalter, Wohnanlage<\/h2>Die Pflege unserer Au\u00dfenanlagen wird regelm\u00e4\u00dfig und mit viel Sorgfalt durchgef\u00fchrt. Der Rasen ist stets gepflegt, die Gr\u00fcnfl\u00e4chen in einwandfreiem Zustand. Besonders der Heckenschnitt und die Beetanlage werden sehr professionell erledigt. Wir k\u00f6nnen das Team f\u00fcr alle gr\u00f6\u00dferen Fl\u00e4chen nur empfehlen!<\/div>\n                    <div class=\"info clearfix\">\n                        <img decoding=\"async\" src=\"https:\/\/der-schulze.info\/wp-content\/uploads\/2017\/06\/testi2.jpg\" alt=\"Thomas W.\"\/>\n\t\t\t\t\t\t\n\t\t\t\t\t\t<h4 class=\"testi-name\">Thomas W.<\/h4>\n\t\t\t\t\t\t<span class=\"testi-job\">Wernigerode<\/span>\n\t\t\t\t\t\t<div class=\"testi-star\"><i class=\"fa fa-star fa-md\"><\/i><i class=\"fa fa-star fa-md\"><\/i><i class=\"fa fa-star fa-md\"><\/i><i class=\"fa fa-star fa-md\"><\/i><i class=\"fa fa-star fa-md\"><\/i><\/div>\n\t\t\t\t\t<\/div>\n\t\t\t\t<\/div>\n            <\/div>\n\t\t\t<div class=\"testi-item\">\n\t\t\t\t<div class=\"testi-content\">\n                    <div class=\"testi-des\"><span class=\"fh-icon icon-1\"><i class=\"flaticon-left-quote-sketch\"><\/i><\/span><h2 class=\"testi-feedback\">Objektmanager<\/h2>Die Herbstarbeiten werden jedes Jahr professionell erledigt. Das Laub wird z\u00fcgig entfernt, und der Heckenschnitt sowie die Pflege der Gr\u00fcnfl\u00e4chen erfolgen regelm\u00e4\u00dfig und gr\u00fcndlich. Besonders in der \u00dcbergangszeit wissen wir den zuverl\u00e4ssigen Service sehr zu sch\u00e4tzen.<\/div>\n                    <div class=\"info clearfix\">\n                        <img decoding=\"async\" src=\"https:\/\/der-schulze.info\/wp-content\/uploads\/2017\/06\/testi3.jpg\" alt=\"Uwe M.\"\/>\n\t\t\t\t\t\t\n\t\t\t\t\t\t<h4 class=\"testi-name\">Uwe M.<\/h4>\n\t\t\t\t\t\t<span class=\"testi-job\">Blankenburg<\/span>\n\t\t\t\t\t\t<div class=\"testi-star\"><i class=\"fa fa-star fa-md\"><\/i><i class=\"fa fa-star fa-md\"><\/i><i class=\"fa fa-star fa-md\"><\/i><i class=\"fa fa-star fa-md\"><\/i><i class=\"fa fa-star fa-md\"><\/i><\/div>\n\t\t\t\t\t<\/div>\n\t\t\t\t<\/div>\n            <\/div>\n\t\t\t<div class=\"testi-item\">\n\t\t\t\t<div class=\"testi-content\">\n                    <div class=\"testi-des\"><span class=\"fh-icon icon-1\"><i class=\"flaticon-left-quote-sketch\"><\/i><\/span><h2 class=\"testi-feedback\">Hausverwaltung<\/h2>Wir sind mit der regelm\u00e4\u00dfigen Innenreinigung und dem Winterdienst \u00e4u\u00dferst zufrieden. Die Innenr\u00e4ume sind immer sauber und ordentlich, was f\u00fcr uns besonders wichtig ist. Wir haben auch den Winterdienst in Anspruch genommen.\r\nIm Winter sorgt das Team immer f\u00fcr sichere Wege, ohne dass wir uns darum k\u00fcmmern m\u00fcssen. Ein absolut zuverl\u00e4ssiger Dienstleister, den wir gerne weiterempfehlen!<\/div>\n                    <div class=\"info clearfix\">\n                        <img decoding=\"async\" src=\"https:\/\/der-schulze.info\/wp-content\/uploads\/2017\/06\/testi4.jpg\" alt=\"Katrin L.\"\/>\n\t\t\t\t\t\t\n\t\t\t\t\t\t<h4 class=\"testi-name\">Katrin L.<\/h4>\n\t\t\t\t\t\t<span class=\"testi-job\">Halberstadt<\/span>\n\t\t\t\t\t\t<div class=\"testi-star\"><i class=\"fa fa-star fa-md\"><\/i><i class=\"fa fa-star fa-md\"><\/i><i class=\"fa fa-star fa-md\"><\/i><i class=\"fa fa-star fa-md\"><\/i><i class=\"fa fa-star fa-md\"><\/i><\/div>\n\t\t\t\t\t<\/div>\n\t\t\t\t<\/div>\n            <\/div><\/div>\n\t\t\t<div class=\"owl-dots disable\"><div class=\"owl-dot\"><span ><\/span><\/div><div class=\"owl-dot\"><span ><\/span><\/div><div class=\"owl-dot\"><span ><\/span><\/div><div class=\"owl-dot\"><span ><\/span><\/div><\/div>\n\t\t<\/div>[\/vc_column][\/vc_row][vc_row css=&#8220;.vc_custom_1496051433972{padding-top: 75px !important;padding-bottom: 75px !important;background-color: #fafafa !important;}&#8220;][vc_column]<div class=\"fh-partner clearfix  dark\" data-autoplay=\"false\">\n\t\t\t\t<div class=\"list-item owl-carousel\"><div class=\"partner-item\">\n\t\t\t\t\t\t\t<div class=\"partner-content\"><a href=\"#\" target=\"_blank\" ><img decoding=\"async\" alt=\"805\"  src=\"https:\/\/der-schulze.info\/wp-content\/uploads\/2025\/05\/blitzergruppe.png\"><\/a><\/div>\n\t\t\t\t\t\t<\/div><div class=\"partner-item\">\n\t\t\t\t\t\t\t<div class=\"partner-content\"><a href=\"#\" target=\"_blank\" ><img decoding=\"async\" alt=\"806\"  src=\"https:\/\/der-schulze.info\/wp-content\/uploads\/2025\/05\/germania.png\"><\/a><\/div>\n\t\t\t\t\t\t<\/div><\/div>\n\t\t\t<\/div>[\/vc_column][\/vc_row][vc_row full_width=&#8220;stretch_row_content_no_spaces&#8220; disable_element=&#8220;yes&#8220;][vc_column]Something went wrong while retrieving your map, please ensure you have entered the short code correctly.[\/vc_column][\/vc_row][vc_row full_width=&#8220;stretch_row_content_no_spaces&#8220;][vc_column][vc_gmaps link=&#8220;#E-8_JTNDaWZyYW1lJTIwc3JjJTNEJTIyaHR0cHMlM0ElMkYlMkZ3d3cuZ29vZ2xlLmNvbSUyRm1hcHMlMkZlbWJlZCUzRnBiJTNEJTIxMW0xOCUyMTFtMTIlMjExbTMlMjExZDM5MDUuNTI2OTY5OTUyMTA2JTIxMmQxMS4wNzk3ODY4Nzc2NzU1ODIlMjEzZDUxLjg4NjU0MzY3MTkwMjA1JTIxMm0zJTIxMWYwJTIxMmYwJTIxM2YwJTIxM20yJTIxMWkxMDI0JTIxMmk3NjglMjE0ZjEzLjElMjEzbTMlMjExbTIlMjExczB4NDdhNTk5MmI4NzJhYjYyNyUyNTNBMHhjMjgzYzQ3YTM5MGY1MjRkJTIxMnNBbSUyNTIwQmFobmRhbW0lMjUyMDEwJTI1MkMlMjUyMDM4ODIwJTI1MjBIYWxiZXJzdGFkdCUyMTVlMSUyMTNtMiUyMTFzZGUlMjEyc2RlJTIxNHYxNzQ1NDgxNDI4OTgzJTIxNW0yJTIxMXNkZSUyMTJzZGUlMjIlMjB3aWR0aCUzRCUyMjYwMCUyMiUyMGhlaWdodCUzRCUyMjQ1MCUyMiUyMHN0eWxlJTNEJTIyYm9yZGVyJTNBMCUzQiUyMiUyMGFsbG93ZnVsbHNjcmVlbiUzRCUyMiUyMiUyMGxvYWRpbmclM0QlMjJsYXp5JTIyJTIwcmVmZXJyZXJwb2xpY3klM0QlMjJuby1yZWZlcnJlci13aGVuLWRvd25ncmFkZSUyMiUzRSUzQyUyRmlmcmFtZSUzRQ==&#8220; css=&#8220;&#8220;][\/vc_column][\/vc_row]<\/p>\n<\/div>","protected":false},"excerpt":{"rendered":"<p>[vc_row full_width=&#8220;stretch_row_content_no_spaces&#8220;][vc_column][rev_slider_vc alias=&#8220;slider_1&#8243;][\/vc_column][\/vc_row][vc_row css=&#8220;.vc_custom_1495533014348{padding-top: 65px !important;padding-bottom: 25px !important;}&#8220;][vc_column][vc_column_text css=&#8220;.vc_custom_1745483284828{padding-top: 25px !important;padding-bottom: 45px !important;}&#8220;] Als zuverl\u00e4ssiger Dienstleister rund um Reinigung und&hellip;<\/p>\n","protected":false},"author":1,"featured_media":0,"parent":0,"menu_order":0,"comment_status":"closed","ping_status":"closed","template":"template-homepage.php","meta":{"footnotes":""},"class_list":["post-53","page","type-page","status-publish","hentry",""],"_links":{"self":[{"href":"https:\/\/der-schulze.info\/index.php?rest_route=\/wp\/v2\/pages\/53","targetHints":{"allow":["GET"]}}],"collection":[{"href":"https:\/\/der-schulze.info\/index.php?rest_route=\/wp\/v2\/pages"}],"about":[{"href":"https:\/\/der-schulze.info\/index.php?rest_route=\/wp\/v2\/types\/page"}],"author":[{"embeddable":true,"href":"https:\/\/der-schulze.info\/index.php?rest_route=\/wp\/v2\/users\/1"}],"replies":[{"embeddable":true,"href":"https:\/\/der-schulze.info\/index.php?rest_route=%2Fwp%2Fv2%2Fcomments&post=53"}],"version-history":[{"count":13,"href":"https:\/\/der-schulze.info\/index.php?rest_route=\/wp\/v2\/pages\/53\/revisions"}],"predecessor-version":[{"id":815,"href":"https:\/\/der-schulze.info\/index.php?rest_route=\/wp\/v2\/pages\/53\/revisions\/815"}],"wp:attachment":[{"href":"https:\/\/der-schulze.info\/index.php?rest_route=%2Fwp%2Fv2%2Fmedia&parent=53"}],"curies":[{"name":"wp","href":"https:\/\/api.w.org\/{rel}","templated":true}]}}